{"id":22,"date":"2023-04-18T15:27:31","date_gmt":"2023-04-18T13:27:31","guid":{"rendered":"https:\/\/bunkr-karlstejn.cz.ars11.vas-server.cz\/?page_id=22"},"modified":"2024-07-10T10:57:23","modified_gmt":"2024-07-10T08:57:23","slug":"kontakt","status":"publish","type":"page","link":"https:\/\/bunkr-karlstejn.cz\/en\/kontakt\/","title":{"rendered":"Kontakt"},"content":{"rendered":"<div data-elementor-type=\"wp-page\" data-elementor-id=\"22\" class=\"elementor elementor-22\">\n\t\t\t\t\t\t<section class=\"elementor-section elementor-top-section elementor-element elementor-element-1ff416d elementor-section-boxed elementor-section-height-default elementor-section-height-default\" data-id=\"1ff416d\" data-element_type=\"section\" data-settings=\"{&quot;background_background&quot;:&quot;classic&quot;}\">\n\t\t\t\t\t\t<div class=\"elementor-container elementor-column-gap-default\">\n\t\t\t\t\t<div class=\"elementor-column elementor-col-100 elementor-top-column elementor-element elementor-element-85454a6 ph-box\" data-id=\"85454a6\" data-element_type=\"column\" data-settings=\"{&quot;background_background&quot;:&quot;classic&quot;}\">\n\t\t\t<div class=\"elementor-widget-wrap elementor-element-populated\">\n\t\t\t\t\t\t<div class=\"elementor-element elementor-element-c066eeb elementor-widget elementor-widget-text-editor\" data-id=\"c066eeb\" data-element_type=\"widget\" data-widget_type=\"text-editor.default\">\n\t\t\t\t<div class=\"elementor-widget-container\">\n\t\t\t\t\t\t\t\t\t<p><span class=\"font-hero\">Penzion Bunkr Karl\u0161tejn<br \/><\/span><\/p><hr \/>\t\t\t\t\t\t\t\t<\/div>\n\t\t\t\t<\/div>\n\t\t\t\t<div class=\"elementor-element elementor-element-ae7cabd elementor-widget elementor-widget-text-editor\" data-id=\"ae7cabd\" data-element_type=\"widget\" data-widget_type=\"text-editor.default\">\n\t\t\t\t<div class=\"elementor-widget-container\">\n\t\t\t\t\t\t\t\t\t<div class=\"font-main-regular mb10\">\n<p>ADRESA<br>Karl\u0161tejn 334, 267 18 Karl\u0161tejn<\/p>\n<p>RECEPCE<br><a href=\"tel:724304873\">724 304 873<\/a><\/p>\n<p>E-MAIL<br><a class=\"c-link\" href=\"mailto:bunkr@bunkr-karlstejn.cz\" target=\"_blank\" rel=\"noopener noreferrer\" data-stringify-link=\"mailto:bunkr@bunkr-karlstejn.cz\" data-sk=\"tooltip_parent\" aria-haspopup=\"menu\">bunkr@bunkr-karlstejn.cz<\/a><\/p>\n<p><span style=\"font-weight: var( --e-global-typography-text-font-weight ); font-size: 1rem;\">Odpov\u011bdn\u00e1 osoba: Kl\u00e1ra Karko\u0161ov\u00e1<\/span><br><\/p>\n<\/div>\t\t\t\t\t\t\t\t<\/div>\n\t\t\t\t<\/div>\n\t\t\t\t\t<\/div>\n\t\t<\/div>\n\t\t\t\t\t<\/div>\n\t\t<\/section>\n\t\t\t\t<\/div>","protected":false},"excerpt":{"rendered":"<p>Penzion Bunkr Karl\u0161tejn ADRESAKarl\u0161tejn 334, 267 18 Karl\u0161tejn RECEPCE724 304 873 E-MAILbunkr@bunkr-karlstejn.cz Odpov\u011bdn\u00e1 osoba: Kl\u00e1ra Karko\u0161ov\u00e1<\/p>","protected":false},"author":1,"featured_media":0,"parent":0,"menu_order":0,"comment_status":"closed","ping_status":"closed","template":"","meta":{"_acf_changed":false,"footnotes":""},"class_list":["post-22","page","type-page","status-publish","hentry"],"acf":[],"_links":{"self":[{"href":"https:\/\/bunkr-karlstejn.cz\/en\/wp-json\/wp\/v2\/pages\/22","targetHints":{"allow":["GET"]}}],"collection":[{"href":"https:\/\/bunkr-karlstejn.cz\/en\/wp-json\/wp\/v2\/pages"}],"about":[{"href":"https:\/\/bunkr-karlstejn.cz\/en\/wp-json\/wp\/v2\/types\/page"}],"author":[{"embeddable":true,"href":"https:\/\/bunkr-karlstejn.cz\/en\/wp-json\/wp\/v2\/users\/1"}],"replies":[{"embeddable":true,"href":"https:\/\/bunkr-karlstejn.cz\/en\/wp-json\/wp\/v2\/comments?post=22"}],"version-history":[{"count":3,"href":"https:\/\/bunkr-karlstejn.cz\/en\/wp-json\/wp\/v2\/pages\/22\/revisions"}],"predecessor-version":[{"id":1529,"href":"https:\/\/bunkr-karlstejn.cz\/en\/wp-json\/wp\/v2\/pages\/22\/revisions\/1529"}],"wp:attachment":[{"href":"https:\/\/bunkr-karlstejn.cz\/en\/wp-json\/wp\/v2\/media?parent=22"}],"curies":[{"name":"wp","href":"https:\/\/api.w.org\/{rel}","templated":true}]}}