{"id":820,"date":"2023-05-24T15:42:36","date_gmt":"2023-05-24T13:42:36","guid":{"rendered":"https:\/\/bunkr-karlstejn.cz.ars11.vas-server.cz\/index.php\/kosik\/"},"modified":"2023-06-28T16:40:34","modified_gmt":"2023-06-28T14:40:34","slug":"kosik","status":"publish","type":"page","link":"https:\/\/bunkr-karlstejn.cz\/en\/kosik\/","title":{"rendered":"Ko\u0161\u00edk"},"content":{"rendered":"<div data-elementor-type=\"wp-page\" data-elementor-id=\"820\" class=\"elementor elementor-820\">\n\t\t\t\t<section class=\"elementor-section elementor-top-section elementor-element elementor-element-4c23b017 elementor-section-boxed elementor-section-height-default elementor-section-height-default\" data-id=\"4c23b017\" data-element_type=\"section\">\n\t\t\t\t\t\t<div class=\"elementor-container elementor-column-gap-default\">\n\t\t\t\t\t<div class=\"elementor-column elementor-col-100 elementor-top-column elementor-element elementor-element-217468e6\" data-id=\"217468e6\" data-element_type=\"column\">\n\t\t\t<div class=\"elementor-widget-wrap elementor-element-populated\">\n\t\t\t\t\t\t<div class=\"elementor-element elementor-element-4da7a508 elementor-widget elementor-widget-text-editor\" data-id=\"4da7a508\" data-element_type=\"widget\" data-widget_type=\"text-editor.default\">\n\t\t\t\t<div class=\"elementor-widget-container\"><div class=\"woocommerce columns-3\">\n<ul class=\"products columns-3\">\n<li class=\"product type-product post-826 status-publish first instock product_cat-nezarazene has-post-thumbnail virtual taxable purchasable product-type-simple\">\n\t<a href=\"https:\/\/bunkr-karlstejn.cz\/en\/product\/balicek-standar\/\" class=\"woocommerce-LoopProduct-link woocommerce-loop-product__link\"><img fetchpriority=\"high\" decoding=\"async\" width=\"300\" height=\"300\" src=\"https:\/\/bunkr-karlstejn.cz\/wp-content\/uploads\/2023\/06\/36546782-1e30-4f5b-8708-5ed2f43b987d-300x300.jpg\" class=\"attachment-woocommerce_thumbnail size-woocommerce_thumbnail\" alt=\"\" srcset=\"https:\/\/bunkr-karlstejn.cz\/wp-content\/uploads\/2023\/06\/36546782-1e30-4f5b-8708-5ed2f43b987d-300x300.jpg 300w, https:\/\/bunkr-karlstejn.cz\/wp-content\/uploads\/2023\/06\/36546782-1e30-4f5b-8708-5ed2f43b987d-100x100.jpg 100w\" sizes=\"(max-width: 300px) 100vw, 300px\" \/><\/p>\n<h2 class=\"woocommerce-loop-product__title\">Package without wellness for 2 persons (2 nights)<\/h2>\n<p>\t<span class=\"price\"><span class=\"woocommerce-Price-amount amount\"><bdi>4470&nbsp;<span class=\"woocommerce-Price-currencySymbol\">&#75;&#269;<\/span><\/bdi><\/span><\/span><br \/>\n<\/a><a href=\"?add-to-cart=826\" aria-describedby=\"woocommerce_loop_add_to_cart_link_describedby_826\" data-quantity=\"1\" class=\"button product_type_simple add_to_cart_button ajax_add_to_cart\" data-product_id=\"826\" data-product_sku=\"\" aria-label=\"Add to cart: \u201cBal\u00ed\u010dek bez wellness pro 2 osoby (2 noci)\u201d\" rel=\"nofollow\" data-success_message=\"\u201cBal\u00ed\u010dek bez wellness pro 2 osoby (2 noci)\u201d has been added to your cart\" data-no-translation=\"\" data-trp-gettext=\"\" data-no-translation-aria-label=\"\" data-no-translation-data-success_message=\"\">Add to basket<\/a>\t<span id=\"woocommerce_loop_add_to_cart_link_describedby_826\" class=\"screen-reader-text\"><br \/>\n\t\t\t<\/span>\n<\/li>\n<li class=\"product type-product post-1254 status-publish instock product_cat-nezarazene has-post-thumbnail downloadable virtual taxable purchasable product-type-simple\">\n\t<a href=\"https:\/\/bunkr-karlstejn.cz\/en\/product\/balicek-bez-wellnes-pro-2-osoby-3-noci\/\" class=\"woocommerce-LoopProduct-link woocommerce-loop-product__link\"><img decoding=\"async\" width=\"300\" height=\"300\" src=\"https:\/\/bunkr-karlstejn.cz\/wp-content\/uploads\/2023\/06\/f44f2d0f-3f47-468d-a1f3-18ae4e0905a1-300x300.jpeg\" class=\"attachment-woocommerce_thumbnail size-woocommerce_thumbnail\" alt=\"\" srcset=\"https:\/\/bunkr-karlstejn.cz\/wp-content\/uploads\/2023\/06\/f44f2d0f-3f47-468d-a1f3-18ae4e0905a1-300x300.jpeg 300w, https:\/\/bunkr-karlstejn.cz\/wp-content\/uploads\/2023\/06\/f44f2d0f-3f47-468d-a1f3-18ae4e0905a1-100x100.jpeg 100w, https:\/\/bunkr-karlstejn.cz\/wp-content\/uploads\/2023\/06\/f44f2d0f-3f47-468d-a1f3-18ae4e0905a1-150x150.jpeg 150w\" sizes=\"(max-width: 300px) 100vw, 300px\" \/><\/p>\n<h2 class=\"woocommerce-loop-product__title\">Package without wellness for 2 persons (3 nights)<\/h2>\n<p>\t<span class=\"price\"><span class=\"woocommerce-Price-amount amount\"><bdi>6100&nbsp;<span class=\"woocommerce-Price-currencySymbol\">&#75;&#269;<\/span><\/bdi><\/span><\/span><br \/>\n<\/a><a href=\"?add-to-cart=1254\" aria-describedby=\"woocommerce_loop_add_to_cart_link_describedby_1254\" data-quantity=\"1\" class=\"button product_type_simple add_to_cart_button ajax_add_to_cart\" data-product_id=\"1254\" data-product_sku=\"\" aria-label=\"Add to cart: \u201cBal\u00ed\u010dek bez wellnes pro 2 osoby (3 noci)\u201d\" rel=\"nofollow\" data-success_message=\"\u201cBal\u00ed\u010dek bez wellnes pro 2 osoby (3 noci)\u201d has been added to your cart\" data-no-translation=\"\" data-trp-gettext=\"\" data-no-translation-aria-label=\"\" data-no-translation-data-success_message=\"\">Add to basket<\/a>\t<span id=\"woocommerce_loop_add_to_cart_link_describedby_1254\" class=\"screen-reader-text\"><br \/>\n\t\t\t<\/span>\n<\/li>\n<li class=\"product type-product post-1256 status-publish last instock product_cat-nezarazene has-post-thumbnail virtual taxable purchasable product-type-simple\">\n\t<a href=\"https:\/\/bunkr-karlstejn.cz\/en\/product\/balicek-bez-wellness-pro-2-osoby-5-noci\/\" class=\"woocommerce-LoopProduct-link woocommerce-loop-product__link\"><img decoding=\"async\" width=\"300\" height=\"300\" src=\"https:\/\/bunkr-karlstejn.cz\/wp-content\/uploads\/2023\/06\/f13013a0-8ffe-4881-a97a-d9971d901399-300x300.jpg\" class=\"attachment-woocommerce_thumbnail size-woocommerce_thumbnail\" alt=\"\" srcset=\"https:\/\/bunkr-karlstejn.cz\/wp-content\/uploads\/2023\/06\/f13013a0-8ffe-4881-a97a-d9971d901399-300x300.jpg 300w, https:\/\/bunkr-karlstejn.cz\/wp-content\/uploads\/2023\/06\/f13013a0-8ffe-4881-a97a-d9971d901399-100x100.jpg 100w, https:\/\/bunkr-karlstejn.cz\/wp-content\/uploads\/2023\/06\/f13013a0-8ffe-4881-a97a-d9971d901399-150x150.jpg 150w\" sizes=\"(max-width: 300px) 100vw, 300px\" \/><\/p>\n<h2 class=\"woocommerce-loop-product__title\">Package without wellness for 2 persons (5 nights)<\/h2>\n<p>\t<span class=\"price\"><span class=\"woocommerce-Price-amount amount\"><bdi>7960&nbsp;<span class=\"woocommerce-Price-currencySymbol\">&#75;&#269;<\/span><\/bdi><\/span><\/span><br \/>\n<\/a><a href=\"?add-to-cart=1256\" aria-describedby=\"woocommerce_loop_add_to_cart_link_describedby_1256\" data-quantity=\"1\" class=\"button product_type_simple add_to_cart_button ajax_add_to_cart\" data-product_id=\"1256\" data-product_sku=\"\" aria-label=\"Add to cart: \u201cBal\u00ed\u010dek bez wellness pro 2 osoby (5 noc\u00ed)\u201d\" rel=\"nofollow\" data-success_message=\"\u201cBal\u00ed\u010dek bez wellness pro 2 osoby (5 noc\u00ed)\u201d has been added to your cart\" data-no-translation=\"\" data-trp-gettext=\"\" data-no-translation-aria-label=\"\" data-no-translation-data-success_message=\"\">Add to basket<\/a>\t<span id=\"woocommerce_loop_add_to_cart_link_describedby_1256\" class=\"screen-reader-text\"><br \/>\n\t\t\t<\/span>\n<\/li>\n<\/ul>\n<\/div><\/div>\n\t\t\t\t<\/div>\n\t\t\t\t\t<\/div>\n\t\t<\/div>\n\t\t\t\t\t<\/div>\n\t\t<\/section>\t\t<\/div>","protected":false},"excerpt":{"rendered":"","protected":false},"author":1,"featured_media":0,"parent":0,"menu_order":0,"comment_status":"closed","ping_status":"closed","template":"elementor_theme","meta":{"_acf_changed":false,"footnotes":""},"class_list":["post-820","page","type-page","status-publish","hentry"],"acf":[],"_links":{"self":[{"href":"https:\/\/bunkr-karlstejn.cz\/en\/wp-json\/wp\/v2\/pages\/820","targetHints":{"allow":["GET"]}}],"collection":[{"href":"https:\/\/bunkr-karlstejn.cz\/en\/wp-json\/wp\/v2\/pages"}],"about":[{"href":"https:\/\/bunkr-karlstejn.cz\/en\/wp-json\/wp\/v2\/types\/page"}],"author":[{"embeddable":true,"href":"https:\/\/bunkr-karlstejn.cz\/en\/wp-json\/wp\/v2\/users\/1"}],"replies":[{"embeddable":true,"href":"https:\/\/bunkr-karlstejn.cz\/en\/wp-json\/wp\/v2\/comments?post=820"}],"version-history":[{"count":0,"href":"https:\/\/bunkr-karlstejn.cz\/en\/wp-json\/wp\/v2\/pages\/820\/revisions"}],"wp:attachment":[{"href":"https:\/\/bunkr-karlstejn.cz\/en\/wp-json\/wp\/v2\/media?parent=820"}],"curies":[{"name":"wp","href":"https:\/\/api.w.org\/{rel}","templated":true}]}}