{"id":1327,"date":"2023-10-20T14:30:54","date_gmt":"2023-10-20T12:30:54","guid":{"rendered":"https:\/\/bunkr-karlstejn.cz.ars11.vas-server.cz\/?post_type=product&#038;p=1327"},"modified":"2023-10-23T14:49:14","modified_gmt":"2023-10-23T12:49:14","slug":"balicek-bez-wellness-pro-2-osoby-7-noci","status":"publish","type":"product","link":"https:\/\/bunkr-karlstejn.cz\/en\/product\/balicek-bez-wellness-pro-2-osoby-7-noci\/","title":{"rendered":"Bal\u00ed\u010dek bez wellness pro 2 osoby (7 noc\u00ed)"},"content":{"rendered":"<p>\u2013 v\u00edce noc\u00ed na popt\u00e1vku<br \/>\n\u2013 3 osoba na p\u0159ist\u00fdlce 800,- K\u010d<br \/>\n\u2013 d\u00edt\u011b do 3 let zdarma bez n\u00e1roku na stravu a l\u016f\u017eko<br \/>\n\u2013 d\u00edt\u011b 3 \u2013 12 let 550,- K\u010d\/noc v\u010detn\u011b polopenze<br \/>\n\u2013 dom\u00e1c\u00ed mazl\u00ed\u010dek 200,- K\u010d\/noc<\/p>\n<p>v cen\u011b bal\u00ed\u010dku: &#8211; dle po\u010dtu noc\u00ed<br \/>\n\u2013 7 x ubytov\u00e1n\u00ed pro 2 osoby<br \/>\n\u2013 7 x sn\u00eddan\u011b formou bufetu<br \/>\n\u2013 7 x ve\u010de\u0159e v\u00fdb\u011br ze t\u0159\u00ed j\u00eddel + pol\u00e9vka<br \/>\n\u2013 vstupy na koupali\u0161t\u011b zdarma ka\u017ed\u00fd den<br \/>\n\u2013 1 x l\u00e1hev v\u00edna v dob\u011b, kdy je zav\u0159en\u00e9 koupali\u0161t\u011b ( \u0159\u00edjen \u2013 kv\u011bten )<\/p>","protected":false},"excerpt":{"rendered":"<p>\u2013 7 x ubytov\u00e1n\u00ed pro 2 osoby<br \/>\n\u2013 7 x sn\u00eddan\u011b formou bufetu<br \/>\n\u2013 7 x ve\u010de\u0159e v\u00fdb\u011br ze t\u0159\u00ed j\u00eddel + pol\u00e9vka<br \/>\n\u2013 vstupy na koupali\u0161t\u011b zdarma ka\u017ed\u00fd den<br \/>\n\u2013 1 x l\u00e1hev v\u00edna v dob\u011b, kdy je zav\u0159en\u00e9 koupali\u0161t\u011b ( \u0159\u00edjen \u2013 kv\u011bten )<\/p>","protected":false},"featured_media":1159,"template":"","meta":{"_acf_changed":false},"product_brand":[],"product_cat":[18],"product_tag":[],"class_list":{"0":"post-1327","1":"product","2":"type-product","3":"status-publish","4":"has-post-thumbnail","6":"product_cat-nezarazene","8":"first","9":"instock","10":"taxable","11":"shipping-taxable","12":"purchasable","13":"product-type-simple"},"acf":[],"_links":{"self":[{"href":"https:\/\/bunkr-karlstejn.cz\/en\/wp-json\/wp\/v2\/product\/1327","targetHints":{"allow":["GET"]}}],"collection":[{"href":"https:\/\/bunkr-karlstejn.cz\/en\/wp-json\/wp\/v2\/product"}],"about":[{"href":"https:\/\/bunkr-karlstejn.cz\/en\/wp-json\/wp\/v2\/types\/product"}],"wp:featuredmedia":[{"embeddable":true,"href":"https:\/\/bunkr-karlstejn.cz\/en\/wp-json\/wp\/v2\/media\/1159"}],"wp:attachment":[{"href":"https:\/\/bunkr-karlstejn.cz\/en\/wp-json\/wp\/v2\/media?parent=1327"}],"wp:term":[{"taxonomy":"product_brand","embeddable":true,"href":"https:\/\/bunkr-karlstejn.cz\/en\/wp-json\/wp\/v2\/product_brand?post=1327"},{"taxonomy":"product_cat","embeddable":true,"href":"https:\/\/bunkr-karlstejn.cz\/en\/wp-json\/wp\/v2\/product_cat?post=1327"},{"taxonomy":"product_tag","embeddable":true,"href":"https:\/\/bunkr-karlstejn.cz\/en\/wp-json\/wp\/v2\/product_tag?post=1327"}],"curies":[{"name":"wp","href":"https:\/\/api.w.org\/{rel}","templated":true}]}}