{"id":1328,"date":"2023-10-20T14:34:49","date_gmt":"2023-10-20T12:34:49","guid":{"rendered":"https:\/\/bunkr-karlstejn.cz.ars11.vas-server.cz\/?post_type=product&#038;p=1328"},"modified":"2023-10-20T14:36:04","modified_gmt":"2023-10-20T12:36:04","slug":"balicek-s-wellness-pro-2-osoby-6-noci","status":"publish","type":"product","link":"https:\/\/bunkr-karlstejn.cz\/en\/product\/balicek-s-wellness-pro-2-osoby-6-noci\/","title":{"rendered":"Bal\u00ed\u010dek s wellness pro 2 osoby (6 noc\u00ed)"},"content":{"rendered":"<p>&#8211; 6 x ubytov\u00e1n\u00ed<br \/>\n&#8211; 6 x sn\u00eddan\u011b formou bufetu<br \/>\n&#8211; 6 x ve\u010de\u0159e v\u00fdb\u011br ze t\u0159\u00ed j\u00eddel + pol\u00e9vka<br \/>\n&#8211; 2 x 120 minut vstup do wellness pro oba<br \/>\n&#8211; 20 % sleva do V.I.P v\u00ed\u0159\u00edvky ( 60 minut ) + 1 x l\u00e1hev Prosecco<\/p>","protected":false},"excerpt":{"rendered":"<p>&#8211; 6 x ubytov\u00e1n\u00ed<br \/>\n&#8211; 6 x sn\u00eddan\u011b formou bufetu<br \/>\n&#8211; 6 x ve\u010de\u0159e v\u00fdb\u011br ze t\u0159\u00ed j\u00eddel + pol\u00e9vka<br \/>\n&#8211; 2 x 120 minut vstup do wellness pro oba<br \/>\n&#8211; 20 % sleva do V.I.P v\u00ed\u0159\u00edvky ( 60 minut ) + 1 x l\u00e1hev Prosecco<\/p>","protected":false},"featured_media":1163,"template":"","meta":{"_acf_changed":false},"product_brand":[],"product_cat":[18],"product_tag":[],"class_list":{"0":"post-1328","1":"product","2":"type-product","3":"status-publish","4":"has-post-thumbnail","6":"product_cat-nezarazene","8":"first","9":"instock","10":"taxable","11":"shipping-taxable","12":"purchasable","13":"product-type-simple"},"acf":[],"_links":{"self":[{"href":"https:\/\/bunkr-karlstejn.cz\/en\/wp-json\/wp\/v2\/product\/1328","targetHints":{"allow":["GET"]}}],"collection":[{"href":"https:\/\/bunkr-karlstejn.cz\/en\/wp-json\/wp\/v2\/product"}],"about":[{"href":"https:\/\/bunkr-karlstejn.cz\/en\/wp-json\/wp\/v2\/types\/product"}],"wp:featuredmedia":[{"embeddable":true,"href":"https:\/\/bunkr-karlstejn.cz\/en\/wp-json\/wp\/v2\/media\/1163"}],"wp:attachment":[{"href":"https:\/\/bunkr-karlstejn.cz\/en\/wp-json\/wp\/v2\/media?parent=1328"}],"wp:term":[{"taxonomy":"product_brand","embeddable":true,"href":"https:\/\/bunkr-karlstejn.cz\/en\/wp-json\/wp\/v2\/product_brand?post=1328"},{"taxonomy":"product_cat","embeddable":true,"href":"https:\/\/bunkr-karlstejn.cz\/en\/wp-json\/wp\/v2\/product_cat?post=1328"},{"taxonomy":"product_tag","embeddable":true,"href":"https:\/\/bunkr-karlstejn.cz\/en\/wp-json\/wp\/v2\/product_tag?post=1328"}],"curies":[{"name":"wp","href":"https:\/\/api.w.org\/{rel}","templated":true}]}}