{"id":826,"date":"2023-05-24T15:52:11","date_gmt":"2023-05-24T13:52:11","guid":{"rendered":"https:\/\/bunkr-karlstejn.cz.ars11.vas-server.cz\/?post_type=product&#038;p=826"},"modified":"2023-10-23T14:53:46","modified_gmt":"2023-10-23T12:53:46","slug":"balicek-standar","status":"publish","type":"product","link":"https:\/\/bunkr-karlstejn.cz\/en\/product\/balicek-standar\/","title":{"rendered":"Package without wellness for 2 persons (2 nights)"},"content":{"rendered":"<p>\u2013 v\u00edce noc\u00ed na popt\u00e1vku<br \/>\n\u2013 3 osoba na p\u0159ist\u00fdlce 800,- K\u010d<br \/>\n\u2013 d\u00edt\u011b do 3 let zdarma bez n\u00e1roku na stravu a l\u016f\u017eko<br \/>\n\u2013 d\u00edt\u011b 3 \u2013 12 let 550,- K\u010d\/noc v\u010detn\u011b polopenze<br \/>\n\u2013 dom\u00e1c\u00ed mazl\u00ed\u010dek 200,- K\u010d\/noc<\/p>\n<p class=\"translation-block\">Included in the package price:<br>\n\n- Based on the number of nights<br>\n- 2 x accommodation for 2 persons<br>\n- 2 x buffet breakfast<br>\n- 2 x dinner with a choice of three dishes + soup<br>\n- Free access to the swimming pool every day<br>\n- 1 x bottle of wine during the period when the swimming pool is closed (October - May)<\/p>","protected":false},"excerpt":{"rendered":"<p class=\"translation-block\">- 2 x accommodation for 2 persons<br>\n- 2 x breakfast buffet<br>\n- 2 x dinner choice of three dishes + soup<br>\n- free entry to the swimming pool every day<br>\n- 1 x bottle of wine when the swimming pool is closed (October - May)<\/p>","protected":false},"featured_media":1143,"template":"","meta":{"_acf_changed":false},"product_brand":[],"product_cat":[18],"product_tag":[],"class_list":{"0":"post-826","1":"product","2":"type-product","3":"status-publish","4":"has-post-thumbnail","6":"product_cat-nezarazene","8":"first","9":"instock","10":"virtual","11":"taxable","12":"purchasable","13":"product-type-simple"},"acf":[],"_links":{"self":[{"href":"https:\/\/bunkr-karlstejn.cz\/en\/wp-json\/wp\/v2\/product\/826","targetHints":{"allow":["GET"]}}],"collection":[{"href":"https:\/\/bunkr-karlstejn.cz\/en\/wp-json\/wp\/v2\/product"}],"about":[{"href":"https:\/\/bunkr-karlstejn.cz\/en\/wp-json\/wp\/v2\/types\/product"}],"wp:featuredmedia":[{"embeddable":true,"href":"https:\/\/bunkr-karlstejn.cz\/en\/wp-json\/wp\/v2\/media\/1143"}],"wp:attachment":[{"href":"https:\/\/bunkr-karlstejn.cz\/en\/wp-json\/wp\/v2\/media?parent=826"}],"wp:term":[{"taxonomy":"product_brand","embeddable":true,"href":"https:\/\/bunkr-karlstejn.cz\/en\/wp-json\/wp\/v2\/product_brand?post=826"},{"taxonomy":"product_cat","embeddable":true,"href":"https:\/\/bunkr-karlstejn.cz\/en\/wp-json\/wp\/v2\/product_cat?post=826"},{"taxonomy":"product_tag","embeddable":true,"href":"https:\/\/bunkr-karlstejn.cz\/en\/wp-json\/wp\/v2\/product_tag?post=826"}],"curies":[{"name":"wp","href":"https:\/\/api.w.org\/{rel}","templated":true}]}}